{"id":141,"date":"2024-09-07T00:29:07","date_gmt":"2024-09-06T22:29:07","guid":{"rendered":"https:\/\/new.indianspirit.eu\/?page_id=141"},"modified":"2024-09-08T08:52:57","modified_gmt":"2024-09-08T06:52:57","slug":"accueil","status":"publish","type":"page","link":"https:\/\/new.indianspirit.eu\/en\/","title":{"rendered":"Accueil"},"content":{"rendered":"<main class=\"wp-block-group alignfull has-base-2-background-color has-background is-layout-flow wp-block-group-is-layout-flow\" id=\"TEXTHOME\" style=\"margin-top:0;margin-bottom:0;padding-top:var(--wp--preset--spacing--50);padding-right:var(--wp--preset--spacing--50);padding-bottom:var(--wp--preset--spacing--50);padding-left:var(--wp--preset--spacing--50)\">\n<div class=\"wp-block-columns alignwide is-layout-flex wp-container-core-columns-is-layout-1 wp-block-columns-is-layout-flex\">\n<div class=\"wp-block-column is-layout-flow wp-container-core-column-is-layout-1 wp-block-column-is-layout-flow\">\n<figure class=\"wp-block-image aligncenter size-full is-resized wp-duotone-ffeb00-ccc-1\"><img decoding=\"async\" width=\"512\" height=\"545.5\" src=\"https:\/\/new.indianspirit.eu\/wp-content\/uploads\/2024\/07\/Soleil.svg\" alt=\"\" class=\"wp-image-86\" style=\"width:90px\"\/><\/figure>\n\n\n\n<h2 class=\"wp-block-heading has-text-align-center is-style-default has-large-font-size\" style=\"font-style:normal;font-weight:600\">Awakening...<\/h2>\n\n\n\n<p class=\"has-text-align-center\" style=\"font-size:clamp(0.875rem, 0.875rem + ((1vw - 0.2rem) * 0.708), 1.3rem);\">demeure un puissant t\u00e9moignage de l\u2019histoire du patrimoine et de l\u2019identit\u00e9&nbsp;autochtone. Elle met en \u00e9veil notre esprit et&nbsp;notre \u00e2me.<\/p>\n<\/div>\n\n\n\n<div class=\"wp-block-column is-layout-flow wp-container-core-column-is-layout-2 wp-block-column-is-layout-flow\">\n<figure class=\"wp-block-image aligncenter size-full is-resized wp-duotone-68c639-f9f9f9-2\"><img loading=\"lazy\" decoding=\"async\" width=\"800\" height=\"800\" src=\"https:\/\/new.indianspirit.eu\/wp-content\/uploads\/2024\/07\/globe-svgrepo-com.svg\" alt=\"\" class=\"wp-image-89\" style=\"width:90px\"\/><\/figure>\n\n\n\n<h2 class=\"wp-block-heading has-text-align-center is-style-default has-large-font-size\">Mother Earth<\/h2>\n\n\n\n<p class=\"has-text-align-center\" style=\"font-size:clamp(0.875rem, 0.875rem + ((1vw - 0.2rem) * 0.708), 1.3rem);\">Calls on Native Americans to highlight their ancestral values to protect\nand respect the Earth.<\/p>\n<\/div>\n\n\n\n<div class=\"wp-block-column is-layout-flow wp-container-core-column-is-layout-3 wp-block-column-is-layout-flow\">\n<figure class=\"wp-block-image aligncenter size-full is-resized wp-duotone-ff8400-f9f9f9-3\"><img loading=\"lazy\" decoding=\"async\" width=\"600\" height=\"600\" src=\"https:\/\/new.indianspirit.eu\/wp-content\/uploads\/2024\/07\/Musique.svg\" alt=\"\" class=\"wp-image-90\" style=\"width:90px\"\/><\/figure>\n\n\n\n<h2 class=\"wp-block-heading has-text-align-center is-style-default has-afacad-font-family has-large-font-size\" style=\"font-style:normal;font-weight:600\"><strong>Creative Team<\/strong><\/h2>\n\n\n\n<p class=\"has-text-align-center\" style=\"font-size:clamp(0.875rem, 0.875rem + ((1vw - 0.2rem) * 0.708), 1.3rem);\"><strong>\u00ab Indian Spirit \u00bb&nbsp;<\/strong>est compos\u00e9 d\u2019une \u00e9quipe internationale qui ont, soit des anc\u00eatres am\u00e9rindiens, soit&nbsp;une passion pour ces nations..<\/p>\n<\/div>\n<\/div>\n<\/main>","protected":false},"excerpt":{"rendered":"","protected":false},"author":1,"featured_media":0,"parent":0,"menu_order":0,"comment_status":"closed","ping_status":"closed","template":"","meta":{"footnotes":""},"class_list":["post-141","page","type-page","status-publish","hentry"],"_links":{"self":[{"href":"https:\/\/new.indianspirit.eu\/en\/wp-json\/wp\/v2\/pages\/141"}],"collection":[{"href":"https:\/\/new.indianspirit.eu\/en\/wp-json\/wp\/v2\/pages"}],"about":[{"href":"https:\/\/new.indianspirit.eu\/en\/wp-json\/wp\/v2\/types\/page"}],"author":[{"embeddable":true,"href":"https:\/\/new.indianspirit.eu\/en\/wp-json\/wp\/v2\/users\/1"}],"replies":[{"embeddable":true,"href":"https:\/\/new.indianspirit.eu\/en\/wp-json\/wp\/v2\/comments?post=141"}],"version-history":[{"count":4,"href":"https:\/\/new.indianspirit.eu\/en\/wp-json\/wp\/v2\/pages\/141\/revisions"}],"predecessor-version":[{"id":174,"href":"https:\/\/new.indianspirit.eu\/en\/wp-json\/wp\/v2\/pages\/141\/revisions\/174"}],"wp:attachment":[{"href":"https:\/\/new.indianspirit.eu\/en\/wp-json\/wp\/v2\/media?parent=141"}],"curies":[{"name":"wp","href":"https:\/\/api.w.org\/{rel}","templated":true}]}}