{"id":2,"date":"2024-07-21T11:04:57","date_gmt":"2024-07-21T09:04:57","guid":{"rendered":"https:\/\/new.indianspirit.eu\/?page_id=2"},"modified":"2024-09-13T09:01:57","modified_gmt":"2024-09-13T07:01:57","slug":"le-spectacle","status":"publish","type":"page","link":"https:\/\/new.indianspirit.eu\/en\/le-spectacle\/","title":{"rendered":"The Show"},"content":{"rendered":"<p>Singing and music are at the heart of Native American traditions. It\u2019s with this same spirit that the \"Indian Spirit\" show does not hesitate to mix emotions.<\/p>\n\n\n\n<p>A new kind of Smart Show, \"Indian Spirit\" regularly appeals to the auditory, visual and olfactory senses.<\/p>\n\n\n\n<p>With stunning visuals effects, this show offers a journey into the past, present and future. Discover the beauty of Native American spirituality with the legend of \"Petsan Win\".<br>A ceremony guided by an authentic shaman who shares his wisdom with the audience, for an improved well-being of body and mind.<\/p>\n\n\n\n<p>The show also features beautiful moments of communion with teachings from Native American wisdom and various interactions with the audience through ancestral songs that restore harmony.<\/p>\n\n\n\n<p>As the legend of the white buffalo woman \"PTESAN WIN\" goes.<\/p>\n\n\n\n<blockquote class=\"wp-block-quote is-layout-flow wp-block-quote-is-layout-flow\">\n<p><em>I give you this earth, you will walk in perfect balance with UNCHI our grandmother The Earth.<\/em><\/p>\n<\/blockquote>","protected":false},"excerpt":{"rendered":"<p>Le chant et la musique sont au c\u0153ur&nbsp;des traditions, il en va de m\u00eame avec&nbsp;\u00ab&nbsp;Indian Spirit&nbsp;\u00bb&nbsp;qui n\u2019h\u00e9site pas \u00e0 m\u00e9langer les \u00e9motions. Smart Show d\u2019un nouveau genre dans ce registre, \u00ab&nbsp;Indian Spirit&nbsp;\u00bb fait r\u00e9guli\u00e8rement appel aux sens auditifs, visuels et olfactifs. Fort de visuels \u00e9poustouflants, ce spectacle propose un voyage dans le pass\u00e9, le pr\u00e9sent [&hellip;]<\/p>\n","protected":false},"author":1,"featured_media":57,"parent":0,"menu_order":0,"comment_status":"closed","ping_status":"closed","template":"","meta":{"footnotes":""},"class_list":["post-2","page","type-page","status-publish","has-post-thumbnail","hentry"],"_links":{"self":[{"href":"https:\/\/new.indianspirit.eu\/en\/wp-json\/wp\/v2\/pages\/2"}],"collection":[{"href":"https:\/\/new.indianspirit.eu\/en\/wp-json\/wp\/v2\/pages"}],"about":[{"href":"https:\/\/new.indianspirit.eu\/en\/wp-json\/wp\/v2\/types\/page"}],"author":[{"embeddable":true,"href":"https:\/\/new.indianspirit.eu\/en\/wp-json\/wp\/v2\/users\/1"}],"replies":[{"embeddable":true,"href":"https:\/\/new.indianspirit.eu\/en\/wp-json\/wp\/v2\/comments?post=2"}],"version-history":[{"count":4,"href":"https:\/\/new.indianspirit.eu\/en\/wp-json\/wp\/v2\/pages\/2\/revisions"}],"predecessor-version":[{"id":217,"href":"https:\/\/new.indianspirit.eu\/en\/wp-json\/wp\/v2\/pages\/2\/revisions\/217"}],"wp:featuredmedia":[{"embeddable":true,"href":"https:\/\/new.indianspirit.eu\/en\/wp-json\/wp\/v2\/media\/57"}],"wp:attachment":[{"href":"https:\/\/new.indianspirit.eu\/en\/wp-json\/wp\/v2\/media?parent=2"}],"curies":[{"name":"wp","href":"https:\/\/api.w.org\/{rel}","templated":true}]}}